{"id":8666,"date":"2021-12-06T18:15:18","date_gmt":"2021-12-06T18:15:18","guid":{"rendered":"http:\/\/www.madeirarentals.net\/servicos\/"},"modified":"2026-05-12T16:29:30","modified_gmt":"2026-05-12T16:29:30","slug":"servicos","status":"publish","type":"page","link":"https:\/\/www.madeirarentals.net\/en\/servicos\/","title":{"rendered":"Servi\u00e7os"},"content":{"rendered":"<p><strong><span class=\"s2\">Porqu\u00ea escolher a Madeira Rental<\/span><span class=\"s2\">?<\/span><\/strong><span class=\"s2\"><br \/>\n<\/span><\/p>\n<p>O mercado de Alojamento local est\u00e1 a tornar-se cada vez mais popular. A cada ano, um n\u00famero crescente de turistas est\u00e1 preferindo esta op\u00e7\u00e3o aos hot\u00e9is por raz\u00f5es como: por serem mais convenientes e privativos, oferecem uma experi\u00eancia mais pessoal e permitem que os h\u00f3spedes se sintam como residentes locais durante suas viagens.<\/p>\n<p>Um aluguer quando designado por aluguer de temporada \u00e9 o aluguer tempor\u00e1rio de um apartamento mobiliado, casa ou complexo de condom\u00ednio de resort administrado por profissionais para turistas como uma alternativa a um hotel. O termo aluguer por temporada \u00e9 usado principalmente nos Estados Unidos, em Portugal o designamos por Alojamento Local (AL).<\/p>\n<p>Embora haja muita procura por alojamentos para f\u00e9rias, tamb\u00e9m h\u00e1 muita oferta, e uma das nossas principais tarefas passar\u00e1 por fazer com que a sua propriedade se destaque das demais para chamar a aten\u00e7\u00e3o de um potencial futuro h\u00f3spede.<\/p>\n<p>A nossa equipa estar\u00e1 preparada para administrar a sua propriedade 24\/7, passar\u00e1 por gerenciar reservas, definir taxas, gerir o calend\u00e1rio sazonal, elabora\u00e7\u00e3o de resumos mensais, entre outras.<\/p>\n<p>Com a nossa dedica\u00e7\u00e3o e esfor\u00e7o, podemos levar a sua propriedade mais al\u00e9m, muitos dos nossos propriet\u00e1rios contam com a nossa ajuda como sendo essa a sua \u00fanica fonte de receita por se encontrarem no estrangeiro por exemplo.<\/p>\n<p>Ter\u00e1 ainda flexibilidade para usar a sua resid\u00eancia, poder\u00e1 sempre bloquear os per\u00edodos em que gostaria de desfrutar de sua propriedade por conta pr\u00f3pria.<\/p>\n<p>Muitas vezes, as pessoas n\u00e3o se atrevem a iniciar um neg\u00f3cio como este (mesmo que possa gerar uma renda consider\u00e1vel) porque n\u00e3o t\u00eam as respostas para certas perguntas.<\/p>\n<p>Por isso queremos estar do seu lado em todo o processo, esclarecendo todas as suas d\u00favidas. Voc\u00ea tamb\u00e9m pode transformar a sua propriedade em Alojamento Local para servir alojamento para turistas \u00e9 s\u00f3 entrar em contacto connosco.<\/p>\n<p>Ao escolher a nossa empresa para gerir uma propriedade sua a nossa atividade em rela\u00e7\u00e3o \u00e0 sua propriedade passar\u00e1 por lhe ajudar nos seguintes aspetos:<\/p>\n<ul>\n<li>Prepara\u00e7\u00e3o inicial<\/li>\n<li>Registo para Alojamento Local.<\/li>\n<li>Livro de reclama\u00e7\u00f5es e inscri\u00e7\u00f5es no SEF e no INE de forma mensal.<\/li>\n<li>Enquadramento para as Finan\u00e7as e Seguran\u00e7a Social.<\/li>\n<li>Seguros para servi\u00e7o de alojamento tur\u00edstico.<\/li>\n<li>Dispositivos de seguran\u00e7a obrigat\u00f3rios e facultativos.<\/li>\n<li>Reposi\u00e7\u00e3o de rouparia, atoalhados, amenidades b\u00e1sicas e servi\u00e7os.<\/li>\n<li>Limpeza inicial do alojamento tal como a limpeza na mudan\u00e7a de h\u00f3spedes.<\/li>\n<li>Decora\u00e7\u00e3o para alojamento tur\u00edstico.<\/li>\n<li>Levantamento fotogr\u00e1fico.<\/li>\n<li>Manual e regras do alojamento tal como a divulga\u00e7\u00e3o de informa\u00e7\u00e3o \u00fatil aos h\u00f3spedes.<\/li>\n<li>Pol\u00edticas de pre\u00e7os e taxas de servi\u00e7os.<\/li>\n<li>Registo e configura\u00e7\u00e3o das plataformas de reservas (calend\u00e1rios, conte\u00fados, pre\u00e7os e coment\u00e1rios).<\/li>\n<li>Rece\u00e7\u00e3o de h\u00f3spedes e Checkout.<\/li>\n<li>Assist\u00eancia aos h\u00f3spedes durante a estadia.<\/li>\n<li>Gest\u00e3o de conflitos de reservas, reclama\u00e7\u00f5es ou overbooking.<\/li>\n<li>Fatura\u00e7\u00e3o e cobran\u00e7a aos h\u00f3spedes e intermedi\u00e1rio de vendas.<\/li>\n<li>Relat\u00f3rio mensal e apuramento do valor a pagar ao propriet\u00e1rio.<\/li>\n<\/ul>\n<p><strong>A Ades\u00e3o \u00e9 gratuita<\/strong><br \/>\nN\u00e3o existem custos de subscri\u00e7\u00e3o ou quaisquer tarifas de ades\u00e3o. Apenas cobramos uma comiss\u00e3o sobre as reservas recebidas.<\/p>\n<p><strong>Avalia\u00e7\u00f5es dos h\u00f3spedes<\/strong><br \/>\nPedimos a todos os h\u00f3spedes que fa\u00e7am uma avalia\u00e7\u00e3o da propriedade e de como decorreu a sua estadia. Depois publicamos no nosso website e noutros websites l\u00edderes em alojamento.<\/p>\n<p><strong>Equipa dispon\u00edvel 7 dias por semana<\/strong><br \/>\nA nossa equipa est\u00e1 dispon\u00edvel 7 dias por semana para fazer reservas ou lidar com qualquer quest\u00e3o que os seus h\u00f3spedes possam ter.<\/p>\n<p><strong>Processamento do Pagamento<\/strong><br \/>\nProcessamos todos os pagamentos por si. Os h\u00f3spedes podem pagar com Cart\u00e3o de D\u00e9bito\/Cr\u00e9dito, Paypal ou Transfer\u00eancia Banc\u00e1ria.<\/p>\n<p><strong>Publicidade gratuita por v\u00e1rios websites<\/strong><br \/>\nColocamos a sua propriedade em mais de 20 dos melhores websites do mundo. Entre eles est\u00e3o: Booking.com, HomeAway, Rentalia, Holiday Letting, Airbnb, Owners Direct, Abritel, Tripadvisor, Flipkey e muitos outros websites de alojamento. Trabalhamos diretamente consigo para definir as melhores op\u00e7\u00f5es de forma a maximizar a visibilidade da sua propriedade e aumentar os seus rendimentos de arrendamento.<\/p>\n<p><strong>Descri\u00e7\u00f5es excelentes da propriedade na pr\u00f3pria l\u00edngua de cada turista<\/strong><br \/>\nA nossa equipa \u00e9 especialista na descri\u00e7\u00e3o de casas de f\u00e9rias, ir\u00e1 redigir uma descri\u00e7\u00e3o da sua propriedade e destacar as carater\u00edsticas essenciais. Usamos uma equipa de tradutores que ir\u00e3o traduzir o seu texto em diversas l\u00ednguas Europeias incluindo Ingl\u00eas, Espanhol, Franc\u00eas e Alem\u00e3o.<\/p>\n<p><strong>Fotografias gratuitas<\/strong><br \/>\nFotos de excelente qualidade \u00e9 um dos fatores mais importantes na promo\u00e7\u00e3o da sua propriedade!<\/p>\n<p>N\u00e3o hesite em contactar-nos, somos uma equipa de profissionais a trabalhar na \u00e1rea, gostamos sempre de novos desafios. Dispon\u00edveis para esclarecer todas as suas d\u00favidas. Curioso? Envie um email para <a href=\"mailto:info@pinkrealestate.pt\">info@pinkrealestate.pt<\/a> deixando o seu contato e teremos o maior gosto em poder ajud\u00e1-lo a rentabilizar a sua ou m\u00faltiplas propriedades.<\/p>\n","protected":false},"excerpt":{"rendered":"<p>Porqu\u00ea escolher a Madeira Rental? O mercado de Alojamento local est\u00e1 a tornar-se cada vez mais popular. A cada ano, um n\u00famero crescente de turistas est\u00e1 preferindo esta op\u00e7\u00e3o aos hot\u00e9is por raz\u00f5es como: por serem mais convenientes e privativos, oferecem uma experi\u00eancia mais pessoal e permitem que os h\u00f3spedes se sintam como residentes locais [&hellip;]<\/p>\n","protected":false},"author":2,"featured_media":0,"parent":0,"menu_order":0,"comment_status":"closed","ping_status":"closed","template":"","meta":{"_acf_changed":false,"footnotes":""},"class_list":["post-8666","page","type-page","status-publish","hentry"],"acf":[],"yoast_head":"<!-- This site is optimized with the Yoast SEO plugin v27.6 - https:\/\/yoast.com\/product\/yoast-seo-wordpress\/ -->\n<title>Servi\u00e7os - Madeira Rental<\/title>\n<meta name=\"robots\" content=\"index, follow, max-snippet:-1, max-image-preview:large, max-video-preview:-1\" \/>\n<link rel=\"canonical\" href=\"https:\/\/www.madeirarentals.net\/en\/servicos\/\" \/>\n<meta property=\"og:locale\" content=\"en_US\" \/>\n<meta property=\"og:type\" content=\"article\" \/>\n<meta property=\"og:title\" content=\"Servi\u00e7os - Madeira Rental\" \/>\n<meta property=\"og:description\" content=\"Porqu\u00ea escolher a Madeira Rental? O mercado de Alojamento local est\u00e1 a tornar-se cada vez mais popular. A cada ano, um n\u00famero crescente de turistas est\u00e1 preferindo esta op\u00e7\u00e3o aos hot\u00e9is por raz\u00f5es como: por serem mais convenientes e privativos, oferecem uma experi\u00eancia mais pessoal e permitem que os h\u00f3spedes se sintam como residentes locais [&hellip;]\" \/>\n<meta property=\"og:url\" content=\"https:\/\/www.madeirarentals.net\/en\/servicos\/\" \/>\n<meta property=\"og:site_name\" content=\"Madeira Rental\" \/>\n<meta property=\"article:publisher\" content=\"https:\/\/www.facebook.com\/pinkrealestate\" \/>\n<meta property=\"article:modified_time\" content=\"2026-05-12T16:29:30+00:00\" \/>\n<meta name=\"twitter:card\" content=\"summary_large_image\" \/>\n<meta name=\"twitter:label1\" content=\"Est. reading time\" \/>\n\t<meta name=\"twitter:data1\" content=\"4 minutes\" \/>\n<script type=\"application\/ld+json\" class=\"yoast-schema-graph\">{\"@context\":\"https:\\\/\\\/schema.org\",\"@graph\":[{\"@type\":\"WebPage\",\"@id\":\"https:\\\/\\\/www.madeirarentals.net\\\/en\\\/servicos\\\/\",\"url\":\"https:\\\/\\\/www.madeirarentals.net\\\/en\\\/servicos\\\/\",\"name\":\"Servi\u00e7os - Madeira Rental\",\"isPartOf\":{\"@id\":\"https:\\\/\\\/www.madeirarentals.net\\\/en\\\/#website\"},\"datePublished\":\"2021-12-06T18:15:18+00:00\",\"dateModified\":\"2026-05-12T16:29:30+00:00\",\"breadcrumb\":{\"@id\":\"https:\\\/\\\/www.madeirarentals.net\\\/en\\\/servicos\\\/#breadcrumb\"},\"inLanguage\":\"en-US\",\"potentialAction\":[{\"@type\":\"ReadAction\",\"target\":[\"https:\\\/\\\/www.madeirarentals.net\\\/en\\\/servicos\\\/\"]}]},{\"@type\":\"BreadcrumbList\",\"@id\":\"https:\\\/\\\/www.madeirarentals.net\\\/en\\\/servicos\\\/#breadcrumb\",\"itemListElement\":[{\"@type\":\"ListItem\",\"position\":1,\"name\":\"In\u00edcio\",\"item\":\"https:\\\/\\\/www.madeirarentals.net\\\/en\\\/\"},{\"@type\":\"ListItem\",\"position\":2,\"name\":\"Servi\u00e7os\"}]},{\"@type\":\"WebSite\",\"@id\":\"https:\\\/\\\/www.madeirarentals.net\\\/en\\\/#website\",\"url\":\"https:\\\/\\\/www.madeirarentals.net\\\/en\\\/\",\"name\":\"Madeira Rental\",\"description\":\"\",\"publisher\":{\"@id\":\"https:\\\/\\\/www.madeirarentals.net\\\/en\\\/#organization\"},\"potentialAction\":[{\"@type\":\"SearchAction\",\"target\":{\"@type\":\"EntryPoint\",\"urlTemplate\":\"https:\\\/\\\/www.madeirarentals.net\\\/en\\\/?s={search_term_string}\"},\"query-input\":{\"@type\":\"PropertyValueSpecification\",\"valueRequired\":true,\"valueName\":\"search_term_string\"}}],\"inLanguage\":\"en-US\"},{\"@type\":\"Organization\",\"@id\":\"https:\\\/\\\/www.madeirarentals.net\\\/en\\\/#organization\",\"name\":\"Fronteira Pontual\",\"url\":\"https:\\\/\\\/www.madeirarentals.net\\\/en\\\/\",\"logo\":{\"@type\":\"ImageObject\",\"inLanguage\":\"en-US\",\"@id\":\"https:\\\/\\\/www.madeirarentals.net\\\/en\\\/#\\\/schema\\\/logo\\\/image\\\/\",\"url\":\"https:\\\/\\\/www.madeirarentals.net\\\/wp-content\\\/uploads\\\/2021\\\/12\\\/Madeira-Rental-02.png\",\"contentUrl\":\"https:\\\/\\\/www.madeirarentals.net\\\/wp-content\\\/uploads\\\/2021\\\/12\\\/Madeira-Rental-02.png\",\"width\":8001,\"height\":4500,\"caption\":\"Fronteira Pontual\"},\"image\":{\"@id\":\"https:\\\/\\\/www.madeirarentals.net\\\/en\\\/#\\\/schema\\\/logo\\\/image\\\/\"},\"sameAs\":[\"https:\\\/\\\/www.facebook.com\\\/pinkrealestate\"]}]}<\/script>\n<!-- \/ Yoast SEO plugin. -->","yoast_head_json":{"title":"Servi\u00e7os - Madeira Rental","robots":{"index":"index","follow":"follow","max-snippet":"max-snippet:-1","max-image-preview":"max-image-preview:large","max-video-preview":"max-video-preview:-1"},"canonical":"https:\/\/www.madeirarentals.net\/en\/servicos\/","og_locale":"en_US","og_type":"article","og_title":"Servi\u00e7os - Madeira Rental","og_description":"Porqu\u00ea escolher a Madeira Rental? O mercado de Alojamento local est\u00e1 a tornar-se cada vez mais popular. A cada ano, um n\u00famero crescente de turistas est\u00e1 preferindo esta op\u00e7\u00e3o aos hot\u00e9is por raz\u00f5es como: por serem mais convenientes e privativos, oferecem uma experi\u00eancia mais pessoal e permitem que os h\u00f3spedes se sintam como residentes locais [&hellip;]","og_url":"https:\/\/www.madeirarentals.net\/en\/servicos\/","og_site_name":"Madeira Rental","article_publisher":"https:\/\/www.facebook.com\/pinkrealestate","article_modified_time":"2026-05-12T16:29:30+00:00","twitter_card":"summary_large_image","twitter_misc":{"Est. reading time":"4 minutes"},"schema":{"@context":"https:\/\/schema.org","@graph":[{"@type":"WebPage","@id":"https:\/\/www.madeirarentals.net\/en\/servicos\/","url":"https:\/\/www.madeirarentals.net\/en\/servicos\/","name":"Servi\u00e7os - Madeira Rental","isPartOf":{"@id":"https:\/\/www.madeirarentals.net\/en\/#website"},"datePublished":"2021-12-06T18:15:18+00:00","dateModified":"2026-05-12T16:29:30+00:00","breadcrumb":{"@id":"https:\/\/www.madeirarentals.net\/en\/servicos\/#breadcrumb"},"inLanguage":"en-US","potentialAction":[{"@type":"ReadAction","target":["https:\/\/www.madeirarentals.net\/en\/servicos\/"]}]},{"@type":"BreadcrumbList","@id":"https:\/\/www.madeirarentals.net\/en\/servicos\/#breadcrumb","itemListElement":[{"@type":"ListItem","position":1,"name":"In\u00edcio","item":"https:\/\/www.madeirarentals.net\/en\/"},{"@type":"ListItem","position":2,"name":"Servi\u00e7os"}]},{"@type":"WebSite","@id":"https:\/\/www.madeirarentals.net\/en\/#website","url":"https:\/\/www.madeirarentals.net\/en\/","name":"Madeira Rental","description":"","publisher":{"@id":"https:\/\/www.madeirarentals.net\/en\/#organization"},"potentialAction":[{"@type":"SearchAction","target":{"@type":"EntryPoint","urlTemplate":"https:\/\/www.madeirarentals.net\/en\/?s={search_term_string}"},"query-input":{"@type":"PropertyValueSpecification","valueRequired":true,"valueName":"search_term_string"}}],"inLanguage":"en-US"},{"@type":"Organization","@id":"https:\/\/www.madeirarentals.net\/en\/#organization","name":"Fronteira Pontual","url":"https:\/\/www.madeirarentals.net\/en\/","logo":{"@type":"ImageObject","inLanguage":"en-US","@id":"https:\/\/www.madeirarentals.net\/en\/#\/schema\/logo\/image\/","url":"https:\/\/www.madeirarentals.net\/wp-content\/uploads\/2021\/12\/Madeira-Rental-02.png","contentUrl":"https:\/\/www.madeirarentals.net\/wp-content\/uploads\/2021\/12\/Madeira-Rental-02.png","width":8001,"height":4500,"caption":"Fronteira Pontual"},"image":{"@id":"https:\/\/www.madeirarentals.net\/en\/#\/schema\/logo\/image\/"},"sameAs":["https:\/\/www.facebook.com\/pinkrealestate"]}]}},"_links":{"self":[{"href":"https:\/\/www.madeirarentals.net\/en\/wp-json\/wp\/v2\/pages\/8666","targetHints":{"allow":["GET"]}}],"collection":[{"href":"https:\/\/www.madeirarentals.net\/en\/wp-json\/wp\/v2\/pages"}],"about":[{"href":"https:\/\/www.madeirarentals.net\/en\/wp-json\/wp\/v2\/types\/page"}],"author":[{"embeddable":true,"href":"https:\/\/www.madeirarentals.net\/en\/wp-json\/wp\/v2\/users\/2"}],"replies":[{"embeddable":true,"href":"https:\/\/www.madeirarentals.net\/en\/wp-json\/wp\/v2\/comments?post=8666"}],"version-history":[{"count":5,"href":"https:\/\/www.madeirarentals.net\/en\/wp-json\/wp\/v2\/pages\/8666\/revisions"}],"predecessor-version":[{"id":8959,"href":"https:\/\/www.madeirarentals.net\/en\/wp-json\/wp\/v2\/pages\/8666\/revisions\/8959"}],"wp:attachment":[{"href":"https:\/\/www.madeirarentals.net\/en\/wp-json\/wp\/v2\/media?parent=8666"}],"curies":[{"name":"wp","href":"https:\/\/api.w.org\/{rel}","templated":true}]}}